{"id":1655,"date":"2015-05-07T09:25:12","date_gmt":"2015-05-07T09:25:12","guid":{"rendered":"http:\/\/welfare.cmsmasters.net\/?post_type=product&amp;p=1655"},"modified":"2021-07-27T11:14:53","modified_gmt":"2021-07-27T14:14:53","slug":"title-7","status":"publish","type":"product","link":"https:\/\/iomodontologia.com.br\/index.php\/product\/title-7\/","title":{"rendered":"AS-42"},"content":{"rendered":"<div id=\"cmsmasters_row_335fcab951\" class=\"cmsmasters_row cmsmasters_color_scheme_default cmsmasters_row_top_default cmsmasters_row_bot_default cmsmasters_row_boxed\">\n<div class=\"cmsmasters_row_outer_parent\">\n<div class=\"cmsmasters_row_outer\">\n<div class=\"cmsmasters_row_inner\">\n<div class=\"cmsmasters_row_margin\">\n<div id=\"cmsmasters_column_838664af2d\" class=\"cmsmasters_column one_first\">\n<div class=\"cmsmasters_column_inner\"><div class=\"cmsmasters_text\">\n<ul>\n<li>Sed ut magna pharetra, fermentum leo at, gravida mauris.<\/li>\n<li>Mauris sodales urna nec magna volutpat aliquam.<\/li>\n<li>Nam ultrices ipsum eu lacus placerat hendrerit.<\/li>\n<\/ul>\n<\/div>\n<div class=\"cmsmasters_text\">\n<p>Lorem ipsum dolor sit amet, consectetur adipiscing elit. Mauris id lacus eu nibh semper vulputate. Ut at orci facilisis, aliquam lorem et, pharetra ipsum. Nam aliquet, odio id pellentesque porttitor, lectus est mattis ante, non mollis urna leo nec arcu. Maecenas lacus nisl, pharetra vel est pharetra, tristique consectetur velit. Donec ac tortor lacus. Vestibulum ante ipsum primis in faucibus orci luctus et ultrices posuere cubilia Curae; Curabitur maximus pharetra magna gravida efficitur. Curabitur id massa sed nunc tempor interdum. Praesent et laoreet odio. Fusce sed lacus laoreet, gravida metus eget, bibendum enim.<\/p>\n<p>Nullam ut hendrerit nibh. Morbi at ante in est auctor fermentum. Nunc sodales porta malesuada. Mauris non sodales eros. Aenean sed commodo nisl. Pellentesque habitant morbi tristique senectus et netus et malesuada fames ac turpis egestas. Maecenas sit amet sollicitudin augue, rutrum luctus purus. Maecenas dapibus lacus ut tincidunt tincidunt. Suspendisse potenti. Proin ut lectus ante. Duis odio massa, aliquet at purus non, mollis pulvinar velit.<\/p>\n<\/div>\n<\/div><\/div>\n<\/div>\n<\/div>\n<\/div>\n<\/div>\n<\/div>\n\n","protected":false},"excerpt":{"rendered":"<p>Nullam ut hendrerit nibh. Morbi at ante in est auctor fermentum. Nunc sodales porta malesuada. Mauris non sodales eros. Aenean sed commodo nisl. Pellentesque habitant morbi tristique senectus et netus et malesuada fames ac turpis egestas. Maecenas sit amet sollicitudin augue, rutrum luctus purus. Maecenas dapibus lacus ut tincidunt tincidunt. Suspendisse potenti. Proin ut lectus ante. Duis odio massa, aliquet at purus non, mollis pulvinar velit.<\/p>\n","protected":false},"featured_media":13422,"comment_status":"open","ping_status":"closed","template":"","meta":{"_joinchat":[]},"product_brand":[],"product_cat":[51,52,53],"product_tag":[],"class_list":{"0":"post-1655","1":"product","2":"type-product","3":"status-publish","4":"has-post-thumbnail","6":"product_cat-drugs","7":"product_cat-health","8":"product_cat-pharmacy","10":"first","11":"instock","12":"shipping-taxable","13":"purchasable","14":"product-type-simple"},"yoast_head":"<!-- This site is optimized with the Yoast SEO plugin v26.8 - https:\/\/yoast.com\/product\/yoast-seo-wordpress\/ -->\n<title>AS-42 - IOM - INSTITUTO ODONTOL\u00d3GICO<\/title>\n<meta name=\"robots\" content=\"index, follow, max-snippet:-1, max-image-preview:large, max-video-preview:-1\" \/>\n<link rel=\"canonical\" href=\"https:\/\/iomodontologia.com.br\/index.php\/product\/title-7\/\" \/>\n<meta property=\"og:locale\" content=\"pt_BR\" \/>\n<meta property=\"og:type\" content=\"article\" \/>\n<meta property=\"og:title\" content=\"AS-42 - IOM - INSTITUTO ODONTOL\u00d3GICO\" \/>\n<meta property=\"og:description\" content=\"Nullam ut hendrerit nibh. Morbi at ante in est auctor fermentum. Nunc sodales porta malesuada. Mauris non sodales eros. Aenean sed commodo nisl. Pellentesque habitant morbi tristique senectus et netus et malesuada fames ac turpis egestas. Maecenas sit amet sollicitudin augue, rutrum luctus purus. Maecenas dapibus lacus ut tincidunt tincidunt. Suspendisse potenti. Proin ut lectus ante. Duis odio massa, aliquet at purus non, mollis pulvinar velit.\" \/>\n<meta property=\"og:url\" content=\"https:\/\/iomodontologia.com.br\/index.php\/product\/title-7\/\" \/>\n<meta property=\"og:site_name\" content=\"IOM - INSTITUTO ODONTOL\u00d3GICO\" \/>\n<meta property=\"article:publisher\" content=\"https:\/\/www.facebook.com\/iomodontologia\" \/>\n<meta property=\"article:modified_time\" content=\"2021-07-27T14:14:53+00:00\" \/>\n<meta property=\"og:image\" content=\"https:\/\/iomodontologia.com.br\/wp-content\/uploads\/2016\/10\/04.jpg\" \/>\n\t<meta property=\"og:image:width\" content=\"1920\" \/>\n\t<meta property=\"og:image:height\" content=\"1080\" \/>\n\t<meta property=\"og:image:type\" content=\"image\/jpeg\" \/>\n<meta name=\"twitter:card\" content=\"summary_large_image\" \/>\n<meta name=\"twitter:label1\" content=\"Est. tempo de leitura\" \/>\n\t<meta name=\"twitter:data1\" content=\"1 minuto\" \/>\n<script type=\"application\/ld+json\" class=\"yoast-schema-graph\">{\"@context\":\"https:\/\/schema.org\",\"@graph\":[{\"@type\":\"WebPage\",\"@id\":\"https:\/\/iomodontologia.com.br\/index.php\/product\/title-7\/\",\"url\":\"https:\/\/iomodontologia.com.br\/index.php\/product\/title-7\/\",\"name\":\"AS-42 - IOM - INSTITUTO ODONTOL\u00d3GICO\",\"isPartOf\":{\"@id\":\"https:\/\/iomodontologia.com.br\/#website\"},\"primaryImageOfPage\":{\"@id\":\"https:\/\/iomodontologia.com.br\/index.php\/product\/title-7\/#primaryimage\"},\"image\":{\"@id\":\"https:\/\/iomodontologia.com.br\/index.php\/product\/title-7\/#primaryimage\"},\"thumbnailUrl\":\"https:\/\/iomodontologia.com.br\/wp-content\/uploads\/2016\/10\/04.jpg\",\"datePublished\":\"2015-05-07T09:25:12+00:00\",\"dateModified\":\"2021-07-27T14:14:53+00:00\",\"breadcrumb\":{\"@id\":\"https:\/\/iomodontologia.com.br\/index.php\/product\/title-7\/#breadcrumb\"},\"inLanguage\":\"pt-BR\",\"potentialAction\":[{\"@type\":\"ReadAction\",\"target\":[\"https:\/\/iomodontologia.com.br\/index.php\/product\/title-7\/\"]}]},{\"@type\":\"ImageObject\",\"inLanguage\":\"pt-BR\",\"@id\":\"https:\/\/iomodontologia.com.br\/index.php\/product\/title-7\/#primaryimage\",\"url\":\"https:\/\/iomodontologia.com.br\/wp-content\/uploads\/2016\/10\/04.jpg\",\"contentUrl\":\"https:\/\/iomodontologia.com.br\/wp-content\/uploads\/2016\/10\/04.jpg\",\"width\":1920,\"height\":1080},{\"@type\":\"BreadcrumbList\",\"@id\":\"https:\/\/iomodontologia.com.br\/index.php\/product\/title-7\/#breadcrumb\",\"itemListElement\":[{\"@type\":\"ListItem\",\"position\":1,\"name\":\"Home\",\"item\":\"https:\/\/iomodontologia.com.br\/\"},{\"@type\":\"ListItem\",\"position\":2,\"name\":\"Shop\",\"item\":\"https:\/\/iomodontologia.com.br\/index.php\/shop\/\"},{\"@type\":\"ListItem\",\"position\":3,\"name\":\"AS-42\"}]},{\"@type\":\"WebSite\",\"@id\":\"https:\/\/iomodontologia.com.br\/#website\",\"url\":\"https:\/\/iomodontologia.com.br\/\",\"name\":\"IOM - INSTITUTO ODONTOL\u00d3GICO\",\"description\":\"CL\u00cdNICA ODONTOL\u00d3GICA\",\"publisher\":{\"@id\":\"https:\/\/iomodontologia.com.br\/#organization\"},\"potentialAction\":[{\"@type\":\"SearchAction\",\"target\":{\"@type\":\"EntryPoint\",\"urlTemplate\":\"https:\/\/iomodontologia.com.br\/?s={search_term_string}\"},\"query-input\":{\"@type\":\"PropertyValueSpecification\",\"valueRequired\":true,\"valueName\":\"search_term_string\"}}],\"inLanguage\":\"pt-BR\"},{\"@type\":\"Organization\",\"@id\":\"https:\/\/iomodontologia.com.br\/#organization\",\"name\":\"IOM - Instituto Odontol\u00f3gico Mogiano\",\"url\":\"https:\/\/iomodontologia.com.br\/\",\"logo\":{\"@type\":\"ImageObject\",\"inLanguage\":\"pt-BR\",\"@id\":\"https:\/\/iomodontologia.com.br\/#\/schema\/logo\/image\/\",\"url\":\"https:\/\/iomodontologia.com.br\/wp-content\/uploads\/2019\/11\/IOM-Logo-slogan.png\",\"contentUrl\":\"https:\/\/iomodontologia.com.br\/wp-content\/uploads\/2019\/11\/IOM-Logo-slogan.png\",\"width\":2000,\"height\":858,\"caption\":\"IOM - Instituto Odontol\u00f3gico Mogiano\"},\"image\":{\"@id\":\"https:\/\/iomodontologia.com.br\/#\/schema\/logo\/image\/\"},\"sameAs\":[\"https:\/\/www.facebook.com\/iomodontologia\",\"https:\/\/www.instagram.com\/iom.odonto\"]}]}<\/script>\n<!-- \/ Yoast SEO plugin. -->","yoast_head_json":{"title":"AS-42 - IOM - INSTITUTO ODONTOL\u00d3GICO","robots":{"index":"index","follow":"follow","max-snippet":"max-snippet:-1","max-image-preview":"max-image-preview:large","max-video-preview":"max-video-preview:-1"},"canonical":"https:\/\/iomodontologia.com.br\/index.php\/product\/title-7\/","og_locale":"pt_BR","og_type":"article","og_title":"AS-42 - IOM - INSTITUTO ODONTOL\u00d3GICO","og_description":"Nullam ut hendrerit nibh. Morbi at ante in est auctor fermentum. Nunc sodales porta malesuada. Mauris non sodales eros. Aenean sed commodo nisl. Pellentesque habitant morbi tristique senectus et netus et malesuada fames ac turpis egestas. Maecenas sit amet sollicitudin augue, rutrum luctus purus. Maecenas dapibus lacus ut tincidunt tincidunt. Suspendisse potenti. Proin ut lectus ante. Duis odio massa, aliquet at purus non, mollis pulvinar velit.","og_url":"https:\/\/iomodontologia.com.br\/index.php\/product\/title-7\/","og_site_name":"IOM - INSTITUTO ODONTOL\u00d3GICO","article_publisher":"https:\/\/www.facebook.com\/iomodontologia","article_modified_time":"2021-07-27T14:14:53+00:00","og_image":[{"width":1920,"height":1080,"url":"https:\/\/iomodontologia.com.br\/wp-content\/uploads\/2016\/10\/04.jpg","type":"image\/jpeg"}],"twitter_card":"summary_large_image","twitter_misc":{"Est. tempo de leitura":"1 minuto"},"schema":{"@context":"https:\/\/schema.org","@graph":[{"@type":"WebPage","@id":"https:\/\/iomodontologia.com.br\/index.php\/product\/title-7\/","url":"https:\/\/iomodontologia.com.br\/index.php\/product\/title-7\/","name":"AS-42 - IOM - INSTITUTO ODONTOL\u00d3GICO","isPartOf":{"@id":"https:\/\/iomodontologia.com.br\/#website"},"primaryImageOfPage":{"@id":"https:\/\/iomodontologia.com.br\/index.php\/product\/title-7\/#primaryimage"},"image":{"@id":"https:\/\/iomodontologia.com.br\/index.php\/product\/title-7\/#primaryimage"},"thumbnailUrl":"https:\/\/iomodontologia.com.br\/wp-content\/uploads\/2016\/10\/04.jpg","datePublished":"2015-05-07T09:25:12+00:00","dateModified":"2021-07-27T14:14:53+00:00","breadcrumb":{"@id":"https:\/\/iomodontologia.com.br\/index.php\/product\/title-7\/#breadcrumb"},"inLanguage":"pt-BR","potentialAction":[{"@type":"ReadAction","target":["https:\/\/iomodontologia.com.br\/index.php\/product\/title-7\/"]}]},{"@type":"ImageObject","inLanguage":"pt-BR","@id":"https:\/\/iomodontologia.com.br\/index.php\/product\/title-7\/#primaryimage","url":"https:\/\/iomodontologia.com.br\/wp-content\/uploads\/2016\/10\/04.jpg","contentUrl":"https:\/\/iomodontologia.com.br\/wp-content\/uploads\/2016\/10\/04.jpg","width":1920,"height":1080},{"@type":"BreadcrumbList","@id":"https:\/\/iomodontologia.com.br\/index.php\/product\/title-7\/#breadcrumb","itemListElement":[{"@type":"ListItem","position":1,"name":"Home","item":"https:\/\/iomodontologia.com.br\/"},{"@type":"ListItem","position":2,"name":"Shop","item":"https:\/\/iomodontologia.com.br\/index.php\/shop\/"},{"@type":"ListItem","position":3,"name":"AS-42"}]},{"@type":"WebSite","@id":"https:\/\/iomodontologia.com.br\/#website","url":"https:\/\/iomodontologia.com.br\/","name":"IOM - INSTITUTO ODONTOL\u00d3GICO","description":"CL\u00cdNICA ODONTOL\u00d3GICA","publisher":{"@id":"https:\/\/iomodontologia.com.br\/#organization"},"potentialAction":[{"@type":"SearchAction","target":{"@type":"EntryPoint","urlTemplate":"https:\/\/iomodontologia.com.br\/?s={search_term_string}"},"query-input":{"@type":"PropertyValueSpecification","valueRequired":true,"valueName":"search_term_string"}}],"inLanguage":"pt-BR"},{"@type":"Organization","@id":"https:\/\/iomodontologia.com.br\/#organization","name":"IOM - Instituto Odontol\u00f3gico Mogiano","url":"https:\/\/iomodontologia.com.br\/","logo":{"@type":"ImageObject","inLanguage":"pt-BR","@id":"https:\/\/iomodontologia.com.br\/#\/schema\/logo\/image\/","url":"https:\/\/iomodontologia.com.br\/wp-content\/uploads\/2019\/11\/IOM-Logo-slogan.png","contentUrl":"https:\/\/iomodontologia.com.br\/wp-content\/uploads\/2019\/11\/IOM-Logo-slogan.png","width":2000,"height":858,"caption":"IOM - Instituto Odontol\u00f3gico Mogiano"},"image":{"@id":"https:\/\/iomodontologia.com.br\/#\/schema\/logo\/image\/"},"sameAs":["https:\/\/www.facebook.com\/iomodontologia","https:\/\/www.instagram.com\/iom.odonto"]}]}},"_links":{"self":[{"href":"https:\/\/iomodontologia.com.br\/index.php\/wp-json\/wp\/v2\/product\/1655","targetHints":{"allow":["GET"]}}],"collection":[{"href":"https:\/\/iomodontologia.com.br\/index.php\/wp-json\/wp\/v2\/product"}],"about":[{"href":"https:\/\/iomodontologia.com.br\/index.php\/wp-json\/wp\/v2\/types\/product"}],"replies":[{"embeddable":true,"href":"https:\/\/iomodontologia.com.br\/index.php\/wp-json\/wp\/v2\/comments?post=1655"}],"wp:featuredmedia":[{"embeddable":true,"href":"https:\/\/iomodontologia.com.br\/index.php\/wp-json\/wp\/v2\/media\/13422"}],"wp:attachment":[{"href":"https:\/\/iomodontologia.com.br\/index.php\/wp-json\/wp\/v2\/media?parent=1655"}],"wp:term":[{"taxonomy":"product_brand","embeddable":true,"href":"https:\/\/iomodontologia.com.br\/index.php\/wp-json\/wp\/v2\/product_brand?post=1655"},{"taxonomy":"product_cat","embeddable":true,"href":"https:\/\/iomodontologia.com.br\/index.php\/wp-json\/wp\/v2\/product_cat?post=1655"},{"taxonomy":"product_tag","embeddable":true,"href":"https:\/\/iomodontologia.com.br\/index.php\/wp-json\/wp\/v2\/product_tag?post=1655"}],"curies":[{"name":"wp","href":"https:\/\/api.w.org\/{rel}","templated":true}]}}