{"id":391,"date":"2015-04-16T14:24:24","date_gmt":"2015-04-16T14:24:24","guid":{"rendered":"http:\/\/welfare.cmsmasters.net\/?page_id=391"},"modified":"2023-07-18T11:21:53","modified_gmt":"2023-07-18T14:21:53","slug":"tratamentos-odontologicos","status":"publish","type":"page","link":"https:\/\/iomodontologia.com.br\/index.php\/tratamentos-odontologicos\/","title":{"rendered":"Tratamentos"},"content":{"rendered":"<div id=\"cmsmasters_row_e7affa5861\" class=\"cmsmasters_row cmsmasters_color_scheme_default cmsmasters_row_top_default cmsmasters_row_bot_default cmsmasters_row_boxed\">\n<div class=\"cmsmasters_row_outer_parent\">\n<div class=\"cmsmasters_row_outer\">\n<div class=\"cmsmasters_row_inner\">\n<div class=\"cmsmasters_row_margin\">\n<div id=\"cmsmasters_column_a903ebd04c\" class=\"cmsmasters_column one_first\">\n<div class=\"cmsmasters_column_inner\"><div class=\"cmsmasters_posts_slider project\" >\n\t\t<div id=\"cmsmasters_slider_60e5d101d4\" class=\"cmsmasters_owl_slider owl-carousel\" data-items=\"3\" data-single-item=\"false\" data-auto-play=\"5000\" data-pagination=\"false\" data-navigation=\"true\"><div class=\"cmsmasters_owl_slider_item\"><!-- Start Posts Slider Project Article -->\n<article id=\"post-14698\" class=\"cmsmasters_slider_project post-14698 project type-project status-publish format-standard has-post-thumbnail hentry pj-categs-tratamentos\">\n\t<div class=\"cmsmasters_slider_project_outer\">\n\t<figure class=\"cmsmasters_img_rollover_wrap preloader\"><img decoding=\"async\" width=\"580\" height=\"360\" src=\"https:\/\/iomodontologia.com.br\/wp-content\/uploads\/2023\/10\/WhatsApp-Image-2023-09-13-at-16.26.02-580x360.jpg\" class=\"full-width wp-post-image\" alt=\"Faceta em Resina\" title=\"WhatsApp Image 2023-09-13 at 16.26.02\" srcset=\"https:\/\/iomodontologia.com.br\/wp-content\/uploads\/2023\/10\/WhatsApp-Image-2023-09-13-at-16.26.02-580x360.jpg 580w, https:\/\/iomodontologia.com.br\/wp-content\/uploads\/2023\/10\/WhatsApp-Image-2023-09-13-at-16.26.02-18x10.jpg 18w\" sizes=\"(max-width: 580px) 100vw, 580px\" \/><div class=\"cmsmasters_img_rollover\"><a href=\"https:\/\/iomodontologia.com.br\/index.php\/tratamento\/faceta-em-resina\/\" title=\"Faceta em Resina\" class=\"cmsmasters_open_post_link\"><\/a><\/div><\/figure><div class=\"cmsmasters_slider_project_inner\"><header class=\"cmsmasters_slider_project_header entry-header\"><h4 class=\"cmsmasters_slider_project_title entry-title\"><a href=\"https:\/\/iomodontologia.com.br\/index.php\/tratamento\/faceta-em-resina\/\">Faceta em Resina<\/a><\/h4><\/header><\/div>\t<\/div>\n<\/article>\n<!-- Finish Posts Slider Project Article -->\n\n<\/div><div class=\"cmsmasters_owl_slider_item\"><!-- Start Posts Slider Project Article -->\n<article id=\"post-14234\" class=\"cmsmasters_slider_project post-14234 project type-project status-publish format-standard has-post-thumbnail hentry pj-categs-tratamentos\">\n\t<div class=\"cmsmasters_slider_project_outer\">\n\t<figure class=\"cmsmasters_img_rollover_wrap preloader\"><img decoding=\"async\" width=\"580\" height=\"360\" src=\"https:\/\/iomodontologia.com.br\/wp-content\/uploads\/2021\/04\/sedacao-consciente-iom-580x360.jpg\" class=\"full-width wp-post-image\" alt=\"Seda\u00e7\u00e3o Consciente &#8211; \u00d3xido Nitroso\" title=\"sedacao-consciente-iom\" srcset=\"https:\/\/iomodontologia.com.br\/wp-content\/uploads\/2021\/04\/sedacao-consciente-iom-580x360.jpg 580w, https:\/\/iomodontologia.com.br\/wp-content\/uploads\/2021\/04\/sedacao-consciente-iom-16x9.jpg 16w\" sizes=\"(max-width: 580px) 100vw, 580px\" \/><div class=\"cmsmasters_img_rollover\"><a href=\"https:\/\/iomodontologia.com.br\/index.php\/tratamento\/sedacao-consciente-oxido-nitroso\/\" title=\"Seda\u00e7\u00e3o Consciente &#8211; \u00d3xido Nitroso\" class=\"cmsmasters_open_post_link\"><\/a><\/div><\/figure><div class=\"cmsmasters_slider_project_inner\"><header class=\"cmsmasters_slider_project_header entry-header\"><h4 class=\"cmsmasters_slider_project_title entry-title\"><a href=\"https:\/\/iomodontologia.com.br\/index.php\/tratamento\/sedacao-consciente-oxido-nitroso\/\">Seda\u00e7\u00e3o Consciente &#8211; \u00d3xido Nitroso<\/a><\/h4><\/header><\/div>\t<\/div>\n<\/article>\n<!-- Finish Posts Slider Project Article -->\n\n<\/div><div class=\"cmsmasters_owl_slider_item\"><!-- Start Posts Slider Project Article -->\n<article id=\"post-14225\" class=\"cmsmasters_slider_project post-14225 project type-project status-publish format-standard has-post-thumbnail hentry pj-categs-tratamentos\">\n\t<div class=\"cmsmasters_slider_project_outer\">\n\t<figure class=\"cmsmasters_img_rollover_wrap preloader\"><img decoding=\"async\" width=\"580\" height=\"360\" src=\"https:\/\/iomodontologia.com.br\/wp-content\/uploads\/2021\/04\/ozonioterapia-580x360.jpg\" class=\"full-width wp-post-image\" alt=\"Ozonioterapia\" title=\"ozonioterapia\" srcset=\"https:\/\/iomodontologia.com.br\/wp-content\/uploads\/2021\/04\/ozonioterapia-580x360.jpg 580w, https:\/\/iomodontologia.com.br\/wp-content\/uploads\/2021\/04\/ozonioterapia-16x10.jpg 16w, https:\/\/iomodontologia.com.br\/wp-content\/uploads\/2021\/04\/ozonioterapia-1049x650.jpg 1049w\" sizes=\"(max-width: 580px) 100vw, 580px\" \/><div class=\"cmsmasters_img_rollover\"><a href=\"https:\/\/iomodontologia.com.br\/index.php\/tratamento\/ozonioterapia\/\" title=\"Ozonioterapia\" class=\"cmsmasters_open_post_link\"><\/a><\/div><\/figure><div class=\"cmsmasters_slider_project_inner\"><header class=\"cmsmasters_slider_project_header entry-header\"><h4 class=\"cmsmasters_slider_project_title entry-title\"><a href=\"https:\/\/iomodontologia.com.br\/index.php\/tratamento\/ozonioterapia\/\">Ozonioterapia<\/a><\/h4><\/header><\/div>\t<\/div>\n<\/article>\n<!-- Finish Posts Slider Project Article -->\n\n<\/div><div class=\"cmsmasters_owl_slider_item\"><!-- Start Posts Slider Project Article -->\n<article id=\"post-14155\" class=\"cmsmasters_slider_project post-14155 project type-project status-publish format-standard has-post-thumbnail hentry pj-categs-tratamentos\">\n\t<div class=\"cmsmasters_slider_project_outer\">\n\t<figure class=\"cmsmasters_img_rollover_wrap preloader\"><img decoding=\"async\" width=\"580\" height=\"360\" src=\"https:\/\/iomodontologia.com.br\/wp-content\/uploads\/2021\/03\/Harmonizacao-Facial-IOM-mogi-das-cruzes-guararema-580x360.jpg\" class=\"full-width wp-post-image\" alt=\"Harmoniza\u00e7\u00e3o Facial\" title=\"Harmonizacao-Facial-IOM-mogi-das-cruzes-guararema\" \/><div class=\"cmsmasters_img_rollover\"><a href=\"https:\/\/iomodontologia.com.br\/index.php\/tratamento\/harmonizacao-facial\/\" title=\"Harmoniza\u00e7\u00e3o Facial\" class=\"cmsmasters_open_post_link\"><\/a><\/div><\/figure><div class=\"cmsmasters_slider_project_inner\"><header class=\"cmsmasters_slider_project_header entry-header\"><h4 class=\"cmsmasters_slider_project_title entry-title\"><a href=\"https:\/\/iomodontologia.com.br\/index.php\/tratamento\/harmonizacao-facial\/\">Harmoniza\u00e7\u00e3o Facial<\/a><\/h4><\/header><\/div>\t<\/div>\n<\/article>\n<!-- Finish Posts Slider Project Article -->\n\n<\/div><div class=\"cmsmasters_owl_slider_item\"><!-- Start Posts Slider Project Article -->\n<article id=\"post-14149\" class=\"cmsmasters_slider_project post-14149 project type-project status-publish format-standard has-post-thumbnail hentry pj-categs-tratamentos\">\n\t<div class=\"cmsmasters_slider_project_outer\">\n\t<figure class=\"cmsmasters_img_rollover_wrap preloader\"><img decoding=\"async\" width=\"580\" height=\"360\" src=\"https:\/\/iomodontologia.com.br\/wp-content\/uploads\/2021\/03\/Ortodontia-IOM-mogi-das-cruzes-guararema-580x360.jpg\" class=\"full-width wp-post-image\" alt=\"Ortopedia\" title=\"Ortodontia-IOM-mogi-das-cruzes-guararema\" \/><div class=\"cmsmasters_img_rollover\"><a href=\"https:\/\/iomodontologia.com.br\/index.php\/tratamento\/ortopedia\/\" title=\"Ortopedia\" class=\"cmsmasters_open_post_link\"><\/a><\/div><\/figure><div class=\"cmsmasters_slider_project_inner\"><header class=\"cmsmasters_slider_project_header entry-header\"><h4 class=\"cmsmasters_slider_project_title entry-title\"><a href=\"https:\/\/iomodontologia.com.br\/index.php\/tratamento\/ortopedia\/\">Ortopedia<\/a><\/h4><\/header><\/div>\t<\/div>\n<\/article>\n<!-- Finish Posts Slider Project Article -->\n\n<\/div><div class=\"cmsmasters_owl_slider_item\"><!-- Start Posts Slider Project Article -->\n<article id=\"post-14144\" class=\"cmsmasters_slider_project post-14144 project type-project status-publish format-standard has-post-thumbnail hentry pj-categs-tratamentos\">\n\t<div class=\"cmsmasters_slider_project_outer\">\n\t<figure class=\"cmsmasters_img_rollover_wrap preloader\"><img decoding=\"async\" width=\"580\" height=\"360\" src=\"https:\/\/iomodontologia.com.br\/wp-content\/uploads\/2021\/03\/Ortopedia-IOM-mogi-das-cruzes-guararema-580x360.jpg\" class=\"full-width wp-post-image\" alt=\"Ortodontia\" title=\"Ortopedia-IOM-mogi-das-cruzes-guararema\" \/><div class=\"cmsmasters_img_rollover\"><a href=\"https:\/\/iomodontologia.com.br\/index.php\/tratamento\/ortodontia\/\" title=\"Ortodontia\" class=\"cmsmasters_open_post_link\"><\/a><\/div><\/figure><div class=\"cmsmasters_slider_project_inner\"><header class=\"cmsmasters_slider_project_header entry-header\"><h4 class=\"cmsmasters_slider_project_title entry-title\"><a href=\"https:\/\/iomodontologia.com.br\/index.php\/tratamento\/ortodontia\/\">Ortodontia<\/a><\/h4><\/header><\/div>\t<\/div>\n<\/article>\n<!-- Finish Posts Slider Project Article -->\n\n<\/div><div class=\"cmsmasters_owl_slider_item\"><!-- Start Posts Slider Project Article -->\n<article id=\"post-14140\" class=\"cmsmasters_slider_project post-14140 project type-project status-publish format-standard has-post-thumbnail hentry pj-categs-tratamentos\">\n\t<div class=\"cmsmasters_slider_project_outer\">\n\t<figure class=\"cmsmasters_img_rollover_wrap preloader\"><img decoding=\"async\" width=\"580\" height=\"360\" src=\"https:\/\/iomodontologia.com.br\/wp-content\/uploads\/2021\/03\/Implante-Dentario-IOM-mogi-das-cruzes-guararema-580x360.jpg\" class=\"full-width wp-post-image\" alt=\"Implante Dent\u00e1rio\" title=\"Implante-Dentario-IOM-mogi-das-cruzes-guararema\" \/><div class=\"cmsmasters_img_rollover\"><a href=\"https:\/\/iomodontologia.com.br\/index.php\/tratamento\/implante-dentario\/\" title=\"Implante Dent\u00e1rio\" class=\"cmsmasters_open_post_link\"><\/a><\/div><\/figure><div class=\"cmsmasters_slider_project_inner\"><header class=\"cmsmasters_slider_project_header entry-header\"><h4 class=\"cmsmasters_slider_project_title entry-title\"><a href=\"https:\/\/iomodontologia.com.br\/index.php\/tratamento\/implante-dentario\/\">Implante Dent\u00e1rio<\/a><\/h4><\/header><\/div>\t<\/div>\n<\/article>\n<!-- Finish Posts Slider Project Article -->\n\n<\/div><div class=\"cmsmasters_owl_slider_item\"><!-- Start Posts Slider Project Article -->\n<article id=\"post-619\" class=\"cmsmasters_slider_project post-619 project type-project status-publish format-standard has-post-thumbnail hentry pj-categs-tratamentos\">\n\t<div class=\"cmsmasters_slider_project_outer\">\n\t<figure class=\"cmsmasters_img_rollover_wrap preloader\"><img decoding=\"async\" width=\"580\" height=\"360\" src=\"https:\/\/iomodontologia.com.br\/wp-content\/uploads\/2016\/09\/Endodontia-IOM-mogi-das-cruzes-guararema-580x360.jpg\" class=\"full-width wp-post-image\" alt=\"Endodontia\" title=\"Endodontia-IOM-mogi-das-cruzes-guararema\" \/><div class=\"cmsmasters_img_rollover\"><a href=\"https:\/\/iomodontologia.com.br\/index.php\/tratamento\/endodontia\/\" title=\"Endodontia\" class=\"cmsmasters_open_post_link\"><\/a><\/div><\/figure><div class=\"cmsmasters_slider_project_inner\"><header class=\"cmsmasters_slider_project_header entry-header\"><h4 class=\"cmsmasters_slider_project_title entry-title\"><a href=\"https:\/\/iomodontologia.com.br\/index.php\/tratamento\/endodontia\/\">Endodontia<\/a><\/h4><\/header><\/div>\t<\/div>\n<\/article>\n<!-- Finish Posts Slider Project Article -->\n\n<\/div><div class=\"cmsmasters_owl_slider_item\"><!-- Start Posts Slider Project Article -->\n<article id=\"post-617\" class=\"cmsmasters_slider_project post-617 project type-project status-publish format-standard has-post-thumbnail hentry pj-categs-tratamentos\">\n\t<div class=\"cmsmasters_slider_project_outer\">\n\t<figure class=\"cmsmasters_img_rollover_wrap preloader\"><img decoding=\"async\" width=\"580\" height=\"360\" src=\"https:\/\/iomodontologia.com.br\/wp-content\/uploads\/2016\/09\/Proteses-Reabilitacao-Oral-IOM-mogi-das-cruzes-guararema-580x360.jpg\" class=\"full-width wp-post-image\" alt=\"Pr\u00f3teses e Reabilita\u00e7\u00e3o Oral\" title=\"Proteses-Reabilitacao-Oral-IOM-mogi-das-cruzes-guararema\" \/><div class=\"cmsmasters_img_rollover\"><a href=\"https:\/\/iomodontologia.com.br\/index.php\/tratamento\/proteses-e-reabilitacao-oral\/\" title=\"Pr\u00f3teses e Reabilita\u00e7\u00e3o Oral\" class=\"cmsmasters_open_post_link\"><\/a><\/div><\/figure><div class=\"cmsmasters_slider_project_inner\"><header class=\"cmsmasters_slider_project_header entry-header\"><h4 class=\"cmsmasters_slider_project_title entry-title\"><a href=\"https:\/\/iomodontologia.com.br\/index.php\/tratamento\/proteses-e-reabilitacao-oral\/\">Pr\u00f3teses e Reabilita\u00e7\u00e3o Oral<\/a><\/h4><\/header><\/div>\t<\/div>\n<\/article>\n<!-- Finish Posts Slider Project Article -->\n\n<\/div><\/div><\/div>\n<\/div><\/div>\n<\/div>\n<\/div>\n<\/div>\n<\/div>\n<\/div>\n\n","protected":false},"excerpt":{"rendered":"","protected":false},"author":1,"featured_media":0,"parent":0,"menu_order":0,"comment_status":"closed","ping_status":"open","template":"","meta":{"_joinchat":[],"footnotes":""},"class_list":["post-391","page","type-page","status-publish","hentry"],"yoast_head":"<!-- This site is optimized with the Yoast SEO plugin v26.8 - https:\/\/yoast.com\/product\/yoast-seo-wordpress\/ -->\n<title>Tratamentos - IOM - INSTITUTO ODONTOL\u00d3GICO<\/title>\n<meta name=\"description\" content=\"Nossa equipe altamente qualificada est\u00e1 pronta para fornecer uma ampla gama de tratamentos odontol\u00f3gicos de qualidade em Mogi das Cruzes e regi\u00e3o, utilizando as t\u00e9cnicas mais avan\u00e7adas e equipamentos modernos. Aqui, estamos empenhados em oferecer um atendimento personalizado e confort\u00e1vel, criando um ambiente acolhedor para voc\u00ea se sentir \u00e0 vontade.\" \/>\n<meta name=\"robots\" content=\"index, follow, max-snippet:-1, max-image-preview:large, max-video-preview:-1\" \/>\n<link rel=\"canonical\" href=\"https:\/\/iomodontologia.com.br\/index.php\/tratamentos-odontologicos\/\" \/>\n<meta property=\"og:locale\" content=\"pt_BR\" \/>\n<meta property=\"og:type\" content=\"article\" \/>\n<meta property=\"og:title\" content=\"Tratamentos - IOM - INSTITUTO ODONTOL\u00d3GICO\" \/>\n<meta property=\"og:description\" content=\"Nossa equipe altamente qualificada est\u00e1 pronta para fornecer uma ampla gama de tratamentos odontol\u00f3gicos de qualidade em Mogi das Cruzes e regi\u00e3o, utilizando as t\u00e9cnicas mais avan\u00e7adas e equipamentos modernos. Aqui, estamos empenhados em oferecer um atendimento personalizado e confort\u00e1vel, criando um ambiente acolhedor para voc\u00ea se sentir \u00e0 vontade.\" \/>\n<meta property=\"og:url\" content=\"https:\/\/iomodontologia.com.br\/index.php\/tratamentos-odontologicos\/\" \/>\n<meta property=\"og:site_name\" content=\"IOM - INSTITUTO ODONTOL\u00d3GICO\" \/>\n<meta property=\"article:publisher\" content=\"https:\/\/www.facebook.com\/iomodontologia\" \/>\n<meta property=\"article:modified_time\" content=\"2023-07-18T14:21:53+00:00\" \/>\n<meta name=\"twitter:card\" content=\"summary_large_image\" \/>\n<meta name=\"twitter:label1\" content=\"Est. tempo de leitura\" \/>\n\t<meta name=\"twitter:data1\" content=\"1 minuto\" \/>\n<script type=\"application\/ld+json\" class=\"yoast-schema-graph\">{\"@context\":\"https:\/\/schema.org\",\"@graph\":[{\"@type\":\"WebPage\",\"@id\":\"https:\/\/iomodontologia.com.br\/index.php\/tratamentos-odontologicos\/\",\"url\":\"https:\/\/iomodontologia.com.br\/index.php\/tratamentos-odontologicos\/\",\"name\":\"Tratamentos - IOM - INSTITUTO ODONTOL\u00d3GICO\",\"isPartOf\":{\"@id\":\"https:\/\/iomodontologia.com.br\/#website\"},\"datePublished\":\"2015-04-16T14:24:24+00:00\",\"dateModified\":\"2023-07-18T14:21:53+00:00\",\"description\":\"Nossa equipe altamente qualificada est\u00e1 pronta para fornecer uma ampla gama de tratamentos odontol\u00f3gicos de qualidade em Mogi das Cruzes e regi\u00e3o, utilizando as t\u00e9cnicas mais avan\u00e7adas e equipamentos modernos. Aqui, estamos empenhados em oferecer um atendimento personalizado e confort\u00e1vel, criando um ambiente acolhedor para voc\u00ea se sentir \u00e0 vontade.\",\"breadcrumb\":{\"@id\":\"https:\/\/iomodontologia.com.br\/index.php\/tratamentos-odontologicos\/#breadcrumb\"},\"inLanguage\":\"pt-BR\",\"potentialAction\":[{\"@type\":\"ReadAction\",\"target\":[\"https:\/\/iomodontologia.com.br\/index.php\/tratamentos-odontologicos\/\"]}]},{\"@type\":\"BreadcrumbList\",\"@id\":\"https:\/\/iomodontologia.com.br\/index.php\/tratamentos-odontologicos\/#breadcrumb\",\"itemListElement\":[{\"@type\":\"ListItem\",\"position\":1,\"name\":\"Home\",\"item\":\"https:\/\/iomodontologia.com.br\/\"},{\"@type\":\"ListItem\",\"position\":2,\"name\":\"Tratamentos\"}]},{\"@type\":\"WebSite\",\"@id\":\"https:\/\/iomodontologia.com.br\/#website\",\"url\":\"https:\/\/iomodontologia.com.br\/\",\"name\":\"IOM - INSTITUTO ODONTOL\u00d3GICO\",\"description\":\"CL\u00cdNICA ODONTOL\u00d3GICA\",\"publisher\":{\"@id\":\"https:\/\/iomodontologia.com.br\/#organization\"},\"potentialAction\":[{\"@type\":\"SearchAction\",\"target\":{\"@type\":\"EntryPoint\",\"urlTemplate\":\"https:\/\/iomodontologia.com.br\/?s={search_term_string}\"},\"query-input\":{\"@type\":\"PropertyValueSpecification\",\"valueRequired\":true,\"valueName\":\"search_term_string\"}}],\"inLanguage\":\"pt-BR\"},{\"@type\":\"Organization\",\"@id\":\"https:\/\/iomodontologia.com.br\/#organization\",\"name\":\"IOM - Instituto Odontol\u00f3gico Mogiano\",\"url\":\"https:\/\/iomodontologia.com.br\/\",\"logo\":{\"@type\":\"ImageObject\",\"inLanguage\":\"pt-BR\",\"@id\":\"https:\/\/iomodontologia.com.br\/#\/schema\/logo\/image\/\",\"url\":\"https:\/\/iomodontologia.com.br\/wp-content\/uploads\/2019\/11\/IOM-Logo-slogan.png\",\"contentUrl\":\"https:\/\/iomodontologia.com.br\/wp-content\/uploads\/2019\/11\/IOM-Logo-slogan.png\",\"width\":2000,\"height\":858,\"caption\":\"IOM - Instituto Odontol\u00f3gico Mogiano\"},\"image\":{\"@id\":\"https:\/\/iomodontologia.com.br\/#\/schema\/logo\/image\/\"},\"sameAs\":[\"https:\/\/www.facebook.com\/iomodontologia\",\"https:\/\/www.instagram.com\/iom.odonto\"]}]}<\/script>\n<!-- \/ Yoast SEO plugin. -->","yoast_head_json":{"title":"Tratamentos - IOM - INSTITUTO ODONTOL\u00d3GICO","description":"Nossa equipe altamente qualificada est\u00e1 pronta para fornecer uma ampla gama de tratamentos odontol\u00f3gicos de qualidade em Mogi das Cruzes e regi\u00e3o, utilizando as t\u00e9cnicas mais avan\u00e7adas e equipamentos modernos. Aqui, estamos empenhados em oferecer um atendimento personalizado e confort\u00e1vel, criando um ambiente acolhedor para voc\u00ea se sentir \u00e0 vontade.","robots":{"index":"index","follow":"follow","max-snippet":"max-snippet:-1","max-image-preview":"max-image-preview:large","max-video-preview":"max-video-preview:-1"},"canonical":"https:\/\/iomodontologia.com.br\/index.php\/tratamentos-odontologicos\/","og_locale":"pt_BR","og_type":"article","og_title":"Tratamentos - IOM - INSTITUTO ODONTOL\u00d3GICO","og_description":"Nossa equipe altamente qualificada est\u00e1 pronta para fornecer uma ampla gama de tratamentos odontol\u00f3gicos de qualidade em Mogi das Cruzes e regi\u00e3o, utilizando as t\u00e9cnicas mais avan\u00e7adas e equipamentos modernos. Aqui, estamos empenhados em oferecer um atendimento personalizado e confort\u00e1vel, criando um ambiente acolhedor para voc\u00ea se sentir \u00e0 vontade.","og_url":"https:\/\/iomodontologia.com.br\/index.php\/tratamentos-odontologicos\/","og_site_name":"IOM - INSTITUTO ODONTOL\u00d3GICO","article_publisher":"https:\/\/www.facebook.com\/iomodontologia","article_modified_time":"2023-07-18T14:21:53+00:00","twitter_card":"summary_large_image","twitter_misc":{"Est. tempo de leitura":"1 minuto"},"schema":{"@context":"https:\/\/schema.org","@graph":[{"@type":"WebPage","@id":"https:\/\/iomodontologia.com.br\/index.php\/tratamentos-odontologicos\/","url":"https:\/\/iomodontologia.com.br\/index.php\/tratamentos-odontologicos\/","name":"Tratamentos - IOM - INSTITUTO ODONTOL\u00d3GICO","isPartOf":{"@id":"https:\/\/iomodontologia.com.br\/#website"},"datePublished":"2015-04-16T14:24:24+00:00","dateModified":"2023-07-18T14:21:53+00:00","description":"Nossa equipe altamente qualificada est\u00e1 pronta para fornecer uma ampla gama de tratamentos odontol\u00f3gicos de qualidade em Mogi das Cruzes e regi\u00e3o, utilizando as t\u00e9cnicas mais avan\u00e7adas e equipamentos modernos. Aqui, estamos empenhados em oferecer um atendimento personalizado e confort\u00e1vel, criando um ambiente acolhedor para voc\u00ea se sentir \u00e0 vontade.","breadcrumb":{"@id":"https:\/\/iomodontologia.com.br\/index.php\/tratamentos-odontologicos\/#breadcrumb"},"inLanguage":"pt-BR","potentialAction":[{"@type":"ReadAction","target":["https:\/\/iomodontologia.com.br\/index.php\/tratamentos-odontologicos\/"]}]},{"@type":"BreadcrumbList","@id":"https:\/\/iomodontologia.com.br\/index.php\/tratamentos-odontologicos\/#breadcrumb","itemListElement":[{"@type":"ListItem","position":1,"name":"Home","item":"https:\/\/iomodontologia.com.br\/"},{"@type":"ListItem","position":2,"name":"Tratamentos"}]},{"@type":"WebSite","@id":"https:\/\/iomodontologia.com.br\/#website","url":"https:\/\/iomodontologia.com.br\/","name":"IOM - INSTITUTO ODONTOL\u00d3GICO","description":"CL\u00cdNICA ODONTOL\u00d3GICA","publisher":{"@id":"https:\/\/iomodontologia.com.br\/#organization"},"potentialAction":[{"@type":"SearchAction","target":{"@type":"EntryPoint","urlTemplate":"https:\/\/iomodontologia.com.br\/?s={search_term_string}"},"query-input":{"@type":"PropertyValueSpecification","valueRequired":true,"valueName":"search_term_string"}}],"inLanguage":"pt-BR"},{"@type":"Organization","@id":"https:\/\/iomodontologia.com.br\/#organization","name":"IOM - Instituto Odontol\u00f3gico Mogiano","url":"https:\/\/iomodontologia.com.br\/","logo":{"@type":"ImageObject","inLanguage":"pt-BR","@id":"https:\/\/iomodontologia.com.br\/#\/schema\/logo\/image\/","url":"https:\/\/iomodontologia.com.br\/wp-content\/uploads\/2019\/11\/IOM-Logo-slogan.png","contentUrl":"https:\/\/iomodontologia.com.br\/wp-content\/uploads\/2019\/11\/IOM-Logo-slogan.png","width":2000,"height":858,"caption":"IOM - Instituto Odontol\u00f3gico Mogiano"},"image":{"@id":"https:\/\/iomodontologia.com.br\/#\/schema\/logo\/image\/"},"sameAs":["https:\/\/www.facebook.com\/iomodontologia","https:\/\/www.instagram.com\/iom.odonto"]}]}},"_links":{"self":[{"href":"https:\/\/iomodontologia.com.br\/index.php\/wp-json\/wp\/v2\/pages\/391","targetHints":{"allow":["GET"]}}],"collection":[{"href":"https:\/\/iomodontologia.com.br\/index.php\/wp-json\/wp\/v2\/pages"}],"about":[{"href":"https:\/\/iomodontologia.com.br\/index.php\/wp-json\/wp\/v2\/types\/page"}],"author":[{"embeddable":true,"href":"https:\/\/iomodontologia.com.br\/index.php\/wp-json\/wp\/v2\/users\/1"}],"replies":[{"embeddable":true,"href":"https:\/\/iomodontologia.com.br\/index.php\/wp-json\/wp\/v2\/comments?post=391"}],"version-history":[{"count":5,"href":"https:\/\/iomodontologia.com.br\/index.php\/wp-json\/wp\/v2\/pages\/391\/revisions"}],"predecessor-version":[{"id":14689,"href":"https:\/\/iomodontologia.com.br\/index.php\/wp-json\/wp\/v2\/pages\/391\/revisions\/14689"}],"wp:attachment":[{"href":"https:\/\/iomodontologia.com.br\/index.php\/wp-json\/wp\/v2\/media?parent=391"}],"curies":[{"name":"wp","href":"https:\/\/api.w.org\/{rel}","templated":true}]}}