{"id":14607,"date":"2023-04-25T00:38:46","date_gmt":"2023-04-25T03:38:46","guid":{"rendered":"https:\/\/iomodontologia.com.br\/?page_id=14607"},"modified":"2023-06-07T16:11:36","modified_gmt":"2023-06-07T19:11:36","slug":"tudo-sobre-implante-dentario","status":"publish","type":"page","link":"https:\/\/iomodontologia.com.br\/index.php\/tudo-sobre-implante-dentario\/","title":{"rendered":"Tudo sobre Implante Dent\u00e1rio"},"content":{"rendered":"<div id=\"cmsmasters_row_\" class=\"cmsmasters_row cmsmasters_color_scheme_default cmsmasters_row_top_default cmsmasters_row_bot_right_diagonal cmsmasters_row_boxed\">\n<div class=\"cmsmasters_row_outer_parent\">\n<div class=\"cmsmasters_row_outer\">\n<div class=\"cmsmasters_row_inner\">\n<div class=\"cmsmasters_row_margin\">\n<div id=\"cmsmasters_column_\" class=\"cmsmasters_column one_first\">\n<div class=\"cmsmasters_column_inner\">\n<div class=\"cmsmasters_slider\"><script type=\"text\/javascript\">jQuery(function() { _initLayerSlider( '#layerslider_1_8vmsn4czh5dl', {sliderVersion: '6.11.2', type: 'fullwidth', responsiveUnder: 0, layersContainer: 0, hideUnder: 0, hideOver: 100000, pauseOnHover: 1, skin: 'v5', globalBGSize: 'cover', navPrevNext: false, hoverPrevNext: false, hoverBottomNav: true, showCircleTimer: false, skinsPath: 'https:\/\/iomodontologia.com.br\/wp-content\/plugins\/LayerSlider-old\/assets\/static\/layerslider\/skins\/'}); });<\/script><div id=\"layerslider_1_8vmsn4czh5dl\" class=\"ls-wp-container fitvidsignore\" style=\"width:1903px;height:720px;max-width:100%;margin:0 auto;margin-bottom: 0px;\"><div class=\"ls-slide\" data-ls=\"duration:3500;kenburnsscale:1.2;\"><img decoding=\"async\" width=\"1600\" height=\"900\" src=\"https:\/\/iomodontologia.com.br\/wp-content\/uploads\/2023\/06\/bg-dr-alexandre-balbi.jpg\" class=\"ls-bg\" alt=\"\" srcset=\"https:\/\/iomodontologia.com.br\/wp-content\/uploads\/2023\/06\/bg-dr-alexandre-balbi.jpg 1600w, https:\/\/iomodontologia.com.br\/wp-content\/uploads\/2023\/06\/bg-dr-alexandre-balbi-300x169.jpg 300w, https:\/\/iomodontologia.com.br\/wp-content\/uploads\/2023\/06\/bg-dr-alexandre-balbi-1024x576.jpg 1024w, https:\/\/iomodontologia.com.br\/wp-content\/uploads\/2023\/06\/bg-dr-alexandre-balbi-768x432.jpg 768w, https:\/\/iomodontologia.com.br\/wp-content\/uploads\/2023\/06\/bg-dr-alexandre-balbi-1536x864.jpg 1536w, https:\/\/iomodontologia.com.br\/wp-content\/uploads\/2023\/06\/bg-dr-alexandre-balbi-18x10.jpg 18w, https:\/\/iomodontologia.com.br\/wp-content\/uploads\/2023\/06\/bg-dr-alexandre-balbi-580x326.jpg 580w, https:\/\/iomodontologia.com.br\/wp-content\/uploads\/2023\/06\/bg-dr-alexandre-balbi-860x484.jpg 860w, https:\/\/iomodontologia.com.br\/wp-content\/uploads\/2023\/06\/bg-dr-alexandre-balbi-1160x653.jpg 1160w, https:\/\/iomodontologia.com.br\/wp-content\/uploads\/2023\/06\/bg-dr-alexandre-balbi-600x338.jpg 600w\" sizes=\"(max-width: 1600px) 100vw, 1600px\" \/><h1 style=\"text-shadow: 0px 1px 0px rgba(44, 49, 55, 0.5);\n;font-size:44px;line-height:50px;color:#ffffff;top:263px;left:1132px;\" class=\"ls-l\" data-ls=\"offsetxin:80;offsetxout:-80;durationout:400;parallaxlevel:0;\">Implante \u00e9 sin\u00f4nimo de <br>QUALIDADE DE VIDA!<\/h1><a style=\"\" class=\"ls-l\" href=\"medical-clinic.cmsmasters.net\/appointments\/\" target=\"_blank\" data-ls=\"offsetxin:80;offsetxout:-80;durationout:400;parallaxlevel:0;\"><p style=\"text-shadow: 0px 1px 0px rgba(44, 49, 55, 0.4);padding-top:15px;padding-right:20px;padding-bottom:15px;padding-left:20px;border-top:1px solid rgba(255, 255, 255, 0.4);border-right:1px solid rgba(255, 255, 255, 0.4);border-bottom:1px solid rgba(255, 255, 255, 0.4);border-left:1px solid rgba(255, 255, 255, 0.4);font-family:open sans;font-size:25px;color:#ffffff;top:390px;left:1130px;background-color:#ff9900;mix-blend-mode:normal;border-radius:30px;\" class=\" cmsms_layer_button booklearn\">EU QUERO!<\/p><\/a><div style=\"top:127px;left:140px;background-size:inherit;background-position:inherit;width:805px;height:452px;font-size:19px;\" class=\"ls-l\"><iframe width=\"560\" height=\"315\" frameborder=\"0\" allowfullscreen data-src=\"https:\/\/www.youtube.com\/embed\/NKQi3yj53bo\"><\/iframe>\n<\/div><\/div><\/div><\/div>\n<\/div><\/div>\n<\/div>\n<\/div>\n<\/div>\n<\/div>\n<\/div>\n<div id=\"cmsmasters_row_3eae045dtt\" class=\"cmsmasters_row cmsmasters_color_scheme_default cmsmasters_row_top_default cmsmasters_row_bot_default cmsmasters_row_boxed\">\n<div class=\"cmsmasters_row_outer_parent\">\n<div class=\"cmsmasters_row_outer\">\n<div class=\"cmsmasters_row_inner\">\n<div class=\"cmsmasters_row_margin\">\n<div id=\"cmsmasters_column_b4yji57z1\" class=\"cmsmasters_column one_first\">\n<div class=\"cmsmasters_column_inner\"><div id=\"cmsmasters_heading_6a70ps6uz\" class=\"cmsmasters_heading_wrap cmsmasters_heading_align_center\">\n\t<h1 class=\"cmsmasters_heading\">EMOCIONE-SE COM ESSES DEPOIMENTOS<\/h1>\n<\/div><div class=\"cmsmasters_text\">\n<h3 style=\"text-align: center;\" align=\"center\">O QUE PODERIA SER MELHOR DO QUE HIST\u00d3RIAS REAIS PARA FAZER COM QUE VOC\u00ca DECIDA DE VEZ, EM MELHORAR SUA QUALIDADE DE VIDA E FAZER SEU IMPLANTE DENT\u00c1RIO CONOSCO!<\/h3>\n<p><a href=\"https:\/\/api.whatsapp.com\/send?phone=5511984450119\" target=\"_blank\" rel=\"noopener\"><img decoding=\"async\" class=\"aligncenter wp-image-14671 size-medium\" src=\"https:\/\/iomodontologia.com.br\/wp-content\/uploads\/2023\/06\/bt-quero-fazer-meu-implante-300x55.png\" alt=\"\" width=\"300\" height=\"55\" srcset=\"https:\/\/iomodontologia.com.br\/wp-content\/uploads\/2023\/06\/bt-quero-fazer-meu-implante-300x55.png 300w, https:\/\/iomodontologia.com.br\/wp-content\/uploads\/2023\/06\/bt-quero-fazer-meu-implante-18x3.png 18w, https:\/\/iomodontologia.com.br\/wp-content\/uploads\/2023\/06\/bt-quero-fazer-meu-implante.png 462w\" sizes=\"(max-width: 300px) 100vw, 300px\" \/><\/a><\/p>\n<\/div>\n<\/div><\/div>\n<\/div>\n<\/div>\n<\/div>\n<\/div>\n<\/div>\n<div id=\"cmsmasters_row_g3e59ebbo\" class=\"cmsmasters_row cmsmasters_color_scheme_default cmsmasters_row_top_default cmsmasters_row_bot_default cmsmasters_row_boxed\">\n<div class=\"cmsmasters_row_outer_parent\">\n<div class=\"cmsmasters_row_outer\">\n<div class=\"cmsmasters_row_inner\">\n<div class=\"cmsmasters_row_margin\">\n<div id=\"cmsmasters_column_gefz7lacoh\" class=\"cmsmasters_column one_third\">\n<div class=\"cmsmasters_column_inner\">\n<div class=\"cmsmasters_embed_wrap\">\n<iframe title=\"Depoimento Seu Yoshinoli sobre Implante\" width=\"1160\" height=\"653\" src=\"https:\/\/www.youtube.com\/embed\/Vc5bJpRHgTk?feature=oembed\" frameborder=\"0\" allow=\"accelerometer; autoplay; clipboard-write; encrypted-media; gyroscope; picture-in-picture; web-share\" allowfullscreen><\/iframe><\/div>\n<\/div><\/div>\n<div id=\"cmsmasters_column_xj1cm2hdf5\" class=\"cmsmasters_column one_third\">\n<div class=\"cmsmasters_column_inner\">\n<div class=\"cmsmasters_embed_wrap\">\n<iframe title=\"Depoimento Seu Nicolau sobre Implante\" width=\"1160\" height=\"653\" src=\"https:\/\/www.youtube.com\/embed\/0lNIjzJNzlI?feature=oembed\" frameborder=\"0\" allow=\"accelerometer; autoplay; clipboard-write; encrypted-media; gyroscope; picture-in-picture; web-share\" allowfullscreen><\/iframe><\/div>\n<\/div><\/div>\n<div id=\"cmsmasters_column_tqvdysi1vw\" class=\"cmsmasters_column one_third\">\n<div class=\"cmsmasters_column_inner\">\n<div class=\"cmsmasters_embed_wrap\">\n<iframe title=\"Depoimento Dona Nair sobre Implante\" width=\"1160\" height=\"653\" src=\"https:\/\/www.youtube.com\/embed\/zz78pOJGO1s?feature=oembed\" frameborder=\"0\" allow=\"accelerometer; autoplay; clipboard-write; encrypted-media; gyroscope; picture-in-picture; web-share\" allowfullscreen><\/iframe><\/div>\n<\/div><\/div>\n<\/div>\n<\/div>\n<\/div>\n<\/div>\n<\/div>\n<div id=\"cmsmasters_row_npuijx127r\" class=\"cmsmasters_row cmsmasters_color_scheme_default cmsmasters_row_top_left_diagonal cmsmasters_row_bot_right_diagonal cmsmasters_row_boxed\">\n<div class=\"cmsmasters_row_outer_parent\">\n<div class=\"cmsmasters_row_outer\">\n<div class=\"cmsmasters_row_inner\">\n<div class=\"cmsmasters_row_margin\">\n<div id=\"cmsmasters_column_w3yb9megkm\" class=\"cmsmasters_column one_first\">\n<div class=\"cmsmasters_column_inner\"><div id=\"cmsmasters_heading_ywmmpm3v7c\" class=\"cmsmasters_heading_wrap cmsmasters_heading_align_center\">\n\t<h1 class=\"cmsmasters_heading\">DEIXA EU TE CONTAR<\/h1>\n<\/div><div class=\"cmsmasters_text\">\n<h3 style=\"text-align: center;\" align=\"center\"><span style=\"color: #ffffff;\">O DR. ALEXANDRE BALBI CONTA ALGUNS CASOS QUE ACONTECERAM COM AO LONGO DA SUA CARREIRA E MOSTRA QUANTO O IMPLANTE PODE MUDAR SUA VIDA!<\/span><\/h3>\n<p><a href=\"https:\/\/api.whatsapp.com\/send?phone=5511984450119\" target=\"_blank\" rel=\"noopener\"><img decoding=\"async\" class=\"aligncenter wp-image-14671 size-medium\" src=\"https:\/\/iomodontologia.com.br\/wp-content\/uploads\/2023\/06\/bt-quero-fazer-meu-implante-300x55.png\" alt=\"\" width=\"300\" height=\"55\" srcset=\"https:\/\/iomodontologia.com.br\/wp-content\/uploads\/2023\/06\/bt-quero-fazer-meu-implante-300x55.png 300w, https:\/\/iomodontologia.com.br\/wp-content\/uploads\/2023\/06\/bt-quero-fazer-meu-implante-18x3.png 18w, https:\/\/iomodontologia.com.br\/wp-content\/uploads\/2023\/06\/bt-quero-fazer-meu-implante.png 462w\" sizes=\"(max-width: 300px) 100vw, 300px\" \/><\/a><\/p>\n<\/div>\n<\/div><\/div>\n<\/div>\n<\/div>\n<\/div>\n<\/div>\n<\/div>\n<div id=\"cmsmasters_row_62z3fzjx5k\" class=\"cmsmasters_row cmsmasters_color_scheme_default cmsmasters_row_top_left_diagonal cmsmasters_row_bot_right_diagonal cmsmasters_row_boxed\">\n<div class=\"cmsmasters_row_outer_parent\">\n<div class=\"cmsmasters_row_outer\">\n<div class=\"cmsmasters_row_inner\">\n<div class=\"cmsmasters_row_margin\">\n<div id=\"cmsmasters_column_xtitjid32t\" class=\"cmsmasters_column one_third\">\n<div class=\"cmsmasters_column_inner\">\n<div class=\"cmsmasters_embed_wrap\">\n<iframe title=\"Existe limite de idade para colocar implante?\" width=\"1160\" height=\"653\" src=\"https:\/\/www.youtube.com\/embed\/kYAcMNa980A?feature=oembed\" frameborder=\"0\" allow=\"accelerometer; autoplay; clipboard-write; encrypted-media; gyroscope; picture-in-picture; web-share\" allowfullscreen><\/iframe><\/div>\n<\/div><\/div>\n<div id=\"cmsmasters_column_k94w9ivskh\" class=\"cmsmasters_column one_third\">\n<div class=\"cmsmasters_column_inner\">\n<div class=\"cmsmasters_embed_wrap\">\n<iframe title=\"O que voc\u00ea faria no lugar dele? \u00c9 embara\u00e7oso!\" width=\"1160\" height=\"653\" src=\"https:\/\/www.youtube.com\/embed\/qd4dpGnmED0?feature=oembed\" frameborder=\"0\" allow=\"accelerometer; autoplay; clipboard-write; encrypted-media; gyroscope; picture-in-picture; web-share\" allowfullscreen><\/iframe><\/div>\n<\/div><\/div>\n<div id=\"cmsmasters_column_eb2gwrzd9\" class=\"cmsmasters_column one_third\">\n<div class=\"cmsmasters_column_inner\">\n<div class=\"cmsmasters_embed_wrap\">\n<iframe title=\"Voc\u00ea sabia que tem pessoas que n\u00e3o consegue nem comer picanha?\" width=\"1160\" height=\"653\" src=\"https:\/\/www.youtube.com\/embed\/MmZZOuaznMA?feature=oembed\" frameborder=\"0\" allow=\"accelerometer; autoplay; clipboard-write; encrypted-media; gyroscope; picture-in-picture; web-share\" allowfullscreen><\/iframe><\/div>\n<\/div><\/div>\n<\/div>\n<\/div>\n<\/div>\n<\/div>\n<\/div>\n<div id=\"cmsmasters_row_stnkhk8j4\" class=\"cmsmasters_row cmsmasters_color_scheme_default cmsmasters_row_top_default cmsmasters_row_bot_default cmsmasters_row_boxed\">\n<div class=\"cmsmasters_row_outer_parent\">\n<div class=\"cmsmasters_row_outer\">\n<div class=\"cmsmasters_row_inner\">\n<div class=\"cmsmasters_row_margin\">\n<div id=\"cmsmasters_column_vniqa81ie7\" class=\"cmsmasters_column one_first\">\n<div class=\"cmsmasters_column_inner\"><div id=\"cmsmasters_heading_9czw7kem3i\" class=\"cmsmasters_heading_wrap cmsmasters_heading_align_center\">\n\t<h1 class=\"cmsmasters_heading\">TUDO SOBRE IMPLANTE<\/h1>\n<\/div><div class=\"cmsmasters_text\">\n<h3 style=\"text-align: center;\" align=\"center\">AQUI VOC\u00ca ENCONTRA A RESPOSTAS DEFINITIVAS PARA TODAS SUAS D\u00daVIDAS SOBRE IMPLANTES DENT\u00c1RIOS, VAMOS ACABAR COM ESSE MEDO E MUDAR DE VIDA?<\/h3>\n<p><a href=\"https:\/\/api.whatsapp.com\/send?phone=5511984450119\" target=\"_blank\" rel=\"noopener\"><img decoding=\"async\" class=\"aligncenter wp-image-14671 size-medium\" src=\"https:\/\/iomodontologia.com.br\/wp-content\/uploads\/2023\/06\/bt-quero-fazer-meu-implante-300x55.png\" alt=\"\" width=\"300\" height=\"55\" srcset=\"https:\/\/iomodontologia.com.br\/wp-content\/uploads\/2023\/06\/bt-quero-fazer-meu-implante-300x55.png 300w, https:\/\/iomodontologia.com.br\/wp-content\/uploads\/2023\/06\/bt-quero-fazer-meu-implante-18x3.png 18w, https:\/\/iomodontologia.com.br\/wp-content\/uploads\/2023\/06\/bt-quero-fazer-meu-implante.png 462w\" sizes=\"(max-width: 300px) 100vw, 300px\" \/><\/a><\/p>\n<\/div>\n<\/div><\/div>\n<\/div>\n<\/div>\n<\/div>\n<\/div>\n<\/div>\n<div id=\"cmsmasters_row_xgsq3q1o4f\" class=\"cmsmasters_row cmsmasters_color_scheme_default cmsmasters_row_top_default cmsmasters_row_bot_default cmsmasters_row_boxed\">\n<div class=\"cmsmasters_row_outer_parent\">\n<div class=\"cmsmasters_row_outer\">\n<div class=\"cmsmasters_row_inner\">\n<div class=\"cmsmasters_row_margin\">\n<div id=\"cmsmasters_column_n1n08age98\" class=\"cmsmasters_column one_half\">\n<div class=\"cmsmasters_column_inner\">\n<div class=\"cmsmasters_embed_wrap\">\n<iframe title=\"Qual Valor do Implante Dent\u00e1rio?\" width=\"560\" height=\"315\" src=\"https:\/\/www.youtube.com\/embed\/85sgVNRJPQ8?feature=oembed\" frameborder=\"0\" allow=\"accelerometer; autoplay; clipboard-write; encrypted-media; gyroscope; picture-in-picture; web-share\" allowfullscreen><\/iframe><\/div>\n<\/div><\/div>\n<div id=\"cmsmasters_column_5kubuy498\" class=\"cmsmasters_column one_half\">\n<div class=\"cmsmasters_column_inner\">\n<div class=\"cmsmasters_embed_wrap\">\n<iframe title=\"Quanto tempo dura um implante?\" width=\"560\" height=\"315\" src=\"https:\/\/www.youtube.com\/embed\/3nwE65EgASE?feature=oembed\" frameborder=\"0\" allow=\"accelerometer; autoplay; clipboard-write; encrypted-media; gyroscope; picture-in-picture; web-share\" allowfullscreen><\/iframe><\/div>\n<\/div><\/div>\n<\/div>\n<\/div>\n<\/div>\n<\/div>\n<\/div>\n<div id=\"cmsmasters_row_rzz4rkhrho\" class=\"cmsmasters_row cmsmasters_color_scheme_default cmsmasters_row_top_default cmsmasters_row_bot_default cmsmasters_row_boxed\">\n<div class=\"cmsmasters_row_outer_parent\">\n<div class=\"cmsmasters_row_outer\">\n<div class=\"cmsmasters_row_inner\">\n<div class=\"cmsmasters_row_margin\">\n<div id=\"cmsmasters_column_n9xul9v05\" class=\"cmsmasters_column one_half\">\n<div class=\"cmsmasters_column_inner\">\n<div class=\"cmsmasters_embed_wrap\">\n<iframe title=\"Preciso usar FIO DENTAL no IMPLANTE dent\u00e1rio?\" width=\"560\" height=\"315\" src=\"https:\/\/www.youtube.com\/embed\/0kLI0CV1YTE?feature=oembed\" frameborder=\"0\" allow=\"accelerometer; autoplay; clipboard-write; encrypted-media; gyroscope; picture-in-picture; web-share\" allowfullscreen><\/iframe><\/div>\n<\/div><\/div>\n<div id=\"cmsmasters_column_zu0465xfbd\" class=\"cmsmasters_column one_half\">\n<div class=\"cmsmasters_column_inner\">\n<div class=\"cmsmasters_embed_wrap\">\n<iframe title=\"O que \u00e9 Carga Imediata?\" width=\"560\" height=\"315\" src=\"https:\/\/www.youtube.com\/embed\/DXvTsGwTfe0?feature=oembed\" frameborder=\"0\" allow=\"accelerometer; autoplay; clipboard-write; encrypted-media; gyroscope; picture-in-picture; web-share\" allowfullscreen><\/iframe><\/div>\n<\/div><\/div>\n<\/div>\n<\/div>\n<\/div>\n<\/div>\n<\/div>\n\n","protected":false},"excerpt":{"rendered":"","protected":false},"author":1,"featured_media":0,"parent":0,"menu_order":0,"comment_status":"closed","ping_status":"closed","template":"","meta":{"_joinchat":[],"footnotes":""},"class_list":["post-14607","page","type-page","status-publish","hentry"],"yoast_head":"<!-- This site is optimized with the Yoast SEO plugin v26.8 - https:\/\/yoast.com\/product\/yoast-seo-wordpress\/ -->\n<title>Tudo sobre Implante Dent\u00e1rio - IOM - INSTITUTO ODONTOL\u00d3GICO<\/title>\n<meta name=\"robots\" content=\"index, follow, max-snippet:-1, max-image-preview:large, max-video-preview:-1\" \/>\n<link rel=\"canonical\" href=\"https:\/\/iomodontologia.com.br\/index.php\/tudo-sobre-implante-dentario\/\" \/>\n<meta property=\"og:locale\" content=\"pt_BR\" \/>\n<meta property=\"og:type\" content=\"article\" \/>\n<meta property=\"og:title\" content=\"Tudo sobre Implante Dent\u00e1rio - IOM - INSTITUTO ODONTOL\u00d3GICO\" \/>\n<meta property=\"og:url\" content=\"https:\/\/iomodontologia.com.br\/index.php\/tudo-sobre-implante-dentario\/\" \/>\n<meta property=\"og:site_name\" content=\"IOM - INSTITUTO ODONTOL\u00d3GICO\" \/>\n<meta property=\"article:publisher\" content=\"https:\/\/www.facebook.com\/iomodontologia\" \/>\n<meta property=\"article:modified_time\" content=\"2023-06-07T19:11:36+00:00\" \/>\n<meta property=\"og:image\" content=\"https:\/\/iomodontologia.com.br\/wp-content\/uploads\/2023\/06\/bt-quero-fazer-meu-implante-300x55.png\" \/>\n<meta name=\"twitter:card\" content=\"summary_large_image\" \/>\n<meta name=\"twitter:label1\" content=\"Est. tempo de leitura\" \/>\n\t<meta name=\"twitter:data1\" content=\"3 minutos\" \/>\n<script type=\"application\/ld+json\" class=\"yoast-schema-graph\">{\"@context\":\"https:\/\/schema.org\",\"@graph\":[{\"@type\":\"WebPage\",\"@id\":\"https:\/\/iomodontologia.com.br\/index.php\/tudo-sobre-implante-dentario\/\",\"url\":\"https:\/\/iomodontologia.com.br\/index.php\/tudo-sobre-implante-dentario\/\",\"name\":\"Tudo sobre Implante Dent\u00e1rio - IOM - INSTITUTO ODONTOL\u00d3GICO\",\"isPartOf\":{\"@id\":\"https:\/\/iomodontologia.com.br\/#website\"},\"primaryImageOfPage\":{\"@id\":\"https:\/\/iomodontologia.com.br\/index.php\/tudo-sobre-implante-dentario\/#primaryimage\"},\"image\":{\"@id\":\"https:\/\/iomodontologia.com.br\/index.php\/tudo-sobre-implante-dentario\/#primaryimage\"},\"thumbnailUrl\":\"https:\/\/iomodontologia.com.br\/wp-content\/uploads\/2023\/06\/bt-quero-fazer-meu-implante-300x55.png\",\"datePublished\":\"2023-04-25T03:38:46+00:00\",\"dateModified\":\"2023-06-07T19:11:36+00:00\",\"breadcrumb\":{\"@id\":\"https:\/\/iomodontologia.com.br\/index.php\/tudo-sobre-implante-dentario\/#breadcrumb\"},\"inLanguage\":\"pt-BR\",\"potentialAction\":[{\"@type\":\"ReadAction\",\"target\":[\"https:\/\/iomodontologia.com.br\/index.php\/tudo-sobre-implante-dentario\/\"]}]},{\"@type\":\"ImageObject\",\"inLanguage\":\"pt-BR\",\"@id\":\"https:\/\/iomodontologia.com.br\/index.php\/tudo-sobre-implante-dentario\/#primaryimage\",\"url\":\"https:\/\/iomodontologia.com.br\/wp-content\/uploads\/2023\/06\/bt-quero-fazer-meu-implante.png\",\"contentUrl\":\"https:\/\/iomodontologia.com.br\/wp-content\/uploads\/2023\/06\/bt-quero-fazer-meu-implante.png\",\"width\":462,\"height\":84},{\"@type\":\"BreadcrumbList\",\"@id\":\"https:\/\/iomodontologia.com.br\/index.php\/tudo-sobre-implante-dentario\/#breadcrumb\",\"itemListElement\":[{\"@type\":\"ListItem\",\"position\":1,\"name\":\"Home\",\"item\":\"https:\/\/iomodontologia.com.br\/\"},{\"@type\":\"ListItem\",\"position\":2,\"name\":\"Tudo sobre Implante Dent\u00e1rio\"}]},{\"@type\":\"WebSite\",\"@id\":\"https:\/\/iomodontologia.com.br\/#website\",\"url\":\"https:\/\/iomodontologia.com.br\/\",\"name\":\"IOM - INSTITUTO ODONTOL\u00d3GICO\",\"description\":\"CL\u00cdNICA ODONTOL\u00d3GICA\",\"publisher\":{\"@id\":\"https:\/\/iomodontologia.com.br\/#organization\"},\"potentialAction\":[{\"@type\":\"SearchAction\",\"target\":{\"@type\":\"EntryPoint\",\"urlTemplate\":\"https:\/\/iomodontologia.com.br\/?s={search_term_string}\"},\"query-input\":{\"@type\":\"PropertyValueSpecification\",\"valueRequired\":true,\"valueName\":\"search_term_string\"}}],\"inLanguage\":\"pt-BR\"},{\"@type\":\"Organization\",\"@id\":\"https:\/\/iomodontologia.com.br\/#organization\",\"name\":\"IOM - Instituto Odontol\u00f3gico Mogiano\",\"url\":\"https:\/\/iomodontologia.com.br\/\",\"logo\":{\"@type\":\"ImageObject\",\"inLanguage\":\"pt-BR\",\"@id\":\"https:\/\/iomodontologia.com.br\/#\/schema\/logo\/image\/\",\"url\":\"https:\/\/iomodontologia.com.br\/wp-content\/uploads\/2019\/11\/IOM-Logo-slogan.png\",\"contentUrl\":\"https:\/\/iomodontologia.com.br\/wp-content\/uploads\/2019\/11\/IOM-Logo-slogan.png\",\"width\":2000,\"height\":858,\"caption\":\"IOM - Instituto Odontol\u00f3gico Mogiano\"},\"image\":{\"@id\":\"https:\/\/iomodontologia.com.br\/#\/schema\/logo\/image\/\"},\"sameAs\":[\"https:\/\/www.facebook.com\/iomodontologia\",\"https:\/\/www.instagram.com\/iom.odonto\"]}]}<\/script>\n<!-- \/ Yoast SEO plugin. -->","yoast_head_json":{"title":"Tudo sobre Implante Dent\u00e1rio - IOM - INSTITUTO ODONTOL\u00d3GICO","robots":{"index":"index","follow":"follow","max-snippet":"max-snippet:-1","max-image-preview":"max-image-preview:large","max-video-preview":"max-video-preview:-1"},"canonical":"https:\/\/iomodontologia.com.br\/index.php\/tudo-sobre-implante-dentario\/","og_locale":"pt_BR","og_type":"article","og_title":"Tudo sobre Implante Dent\u00e1rio - IOM - INSTITUTO ODONTOL\u00d3GICO","og_url":"https:\/\/iomodontologia.com.br\/index.php\/tudo-sobre-implante-dentario\/","og_site_name":"IOM - INSTITUTO ODONTOL\u00d3GICO","article_publisher":"https:\/\/www.facebook.com\/iomodontologia","article_modified_time":"2023-06-07T19:11:36+00:00","og_image":[{"url":"https:\/\/iomodontologia.com.br\/wp-content\/uploads\/2023\/06\/bt-quero-fazer-meu-implante-300x55.png","type":"","width":"","height":""}],"twitter_card":"summary_large_image","twitter_misc":{"Est. tempo de leitura":"3 minutos"},"schema":{"@context":"https:\/\/schema.org","@graph":[{"@type":"WebPage","@id":"https:\/\/iomodontologia.com.br\/index.php\/tudo-sobre-implante-dentario\/","url":"https:\/\/iomodontologia.com.br\/index.php\/tudo-sobre-implante-dentario\/","name":"Tudo sobre Implante Dent\u00e1rio - IOM - INSTITUTO ODONTOL\u00d3GICO","isPartOf":{"@id":"https:\/\/iomodontologia.com.br\/#website"},"primaryImageOfPage":{"@id":"https:\/\/iomodontologia.com.br\/index.php\/tudo-sobre-implante-dentario\/#primaryimage"},"image":{"@id":"https:\/\/iomodontologia.com.br\/index.php\/tudo-sobre-implante-dentario\/#primaryimage"},"thumbnailUrl":"https:\/\/iomodontologia.com.br\/wp-content\/uploads\/2023\/06\/bt-quero-fazer-meu-implante-300x55.png","datePublished":"2023-04-25T03:38:46+00:00","dateModified":"2023-06-07T19:11:36+00:00","breadcrumb":{"@id":"https:\/\/iomodontologia.com.br\/index.php\/tudo-sobre-implante-dentario\/#breadcrumb"},"inLanguage":"pt-BR","potentialAction":[{"@type":"ReadAction","target":["https:\/\/iomodontologia.com.br\/index.php\/tudo-sobre-implante-dentario\/"]}]},{"@type":"ImageObject","inLanguage":"pt-BR","@id":"https:\/\/iomodontologia.com.br\/index.php\/tudo-sobre-implante-dentario\/#primaryimage","url":"https:\/\/iomodontologia.com.br\/wp-content\/uploads\/2023\/06\/bt-quero-fazer-meu-implante.png","contentUrl":"https:\/\/iomodontologia.com.br\/wp-content\/uploads\/2023\/06\/bt-quero-fazer-meu-implante.png","width":462,"height":84},{"@type":"BreadcrumbList","@id":"https:\/\/iomodontologia.com.br\/index.php\/tudo-sobre-implante-dentario\/#breadcrumb","itemListElement":[{"@type":"ListItem","position":1,"name":"Home","item":"https:\/\/iomodontologia.com.br\/"},{"@type":"ListItem","position":2,"name":"Tudo sobre Implante Dent\u00e1rio"}]},{"@type":"WebSite","@id":"https:\/\/iomodontologia.com.br\/#website","url":"https:\/\/iomodontologia.com.br\/","name":"IOM - INSTITUTO ODONTOL\u00d3GICO","description":"CL\u00cdNICA ODONTOL\u00d3GICA","publisher":{"@id":"https:\/\/iomodontologia.com.br\/#organization"},"potentialAction":[{"@type":"SearchAction","target":{"@type":"EntryPoint","urlTemplate":"https:\/\/iomodontologia.com.br\/?s={search_term_string}"},"query-input":{"@type":"PropertyValueSpecification","valueRequired":true,"valueName":"search_term_string"}}],"inLanguage":"pt-BR"},{"@type":"Organization","@id":"https:\/\/iomodontologia.com.br\/#organization","name":"IOM - Instituto Odontol\u00f3gico Mogiano","url":"https:\/\/iomodontologia.com.br\/","logo":{"@type":"ImageObject","inLanguage":"pt-BR","@id":"https:\/\/iomodontologia.com.br\/#\/schema\/logo\/image\/","url":"https:\/\/iomodontologia.com.br\/wp-content\/uploads\/2019\/11\/IOM-Logo-slogan.png","contentUrl":"https:\/\/iomodontologia.com.br\/wp-content\/uploads\/2019\/11\/IOM-Logo-slogan.png","width":2000,"height":858,"caption":"IOM - Instituto Odontol\u00f3gico Mogiano"},"image":{"@id":"https:\/\/iomodontologia.com.br\/#\/schema\/logo\/image\/"},"sameAs":["https:\/\/www.facebook.com\/iomodontologia","https:\/\/www.instagram.com\/iom.odonto"]}]}},"_links":{"self":[{"href":"https:\/\/iomodontologia.com.br\/index.php\/wp-json\/wp\/v2\/pages\/14607","targetHints":{"allow":["GET"]}}],"collection":[{"href":"https:\/\/iomodontologia.com.br\/index.php\/wp-json\/wp\/v2\/pages"}],"about":[{"href":"https:\/\/iomodontologia.com.br\/index.php\/wp-json\/wp\/v2\/types\/page"}],"author":[{"embeddable":true,"href":"https:\/\/iomodontologia.com.br\/index.php\/wp-json\/wp\/v2\/users\/1"}],"replies":[{"embeddable":true,"href":"https:\/\/iomodontologia.com.br\/index.php\/wp-json\/wp\/v2\/comments?post=14607"}],"version-history":[{"count":53,"href":"https:\/\/iomodontologia.com.br\/index.php\/wp-json\/wp\/v2\/pages\/14607\/revisions"}],"predecessor-version":[{"id":14681,"href":"https:\/\/iomodontologia.com.br\/index.php\/wp-json\/wp\/v2\/pages\/14607\/revisions\/14681"}],"wp:attachment":[{"href":"https:\/\/iomodontologia.com.br\/index.php\/wp-json\/wp\/v2\/media?parent=14607"}],"curies":[{"name":"wp","href":"https:\/\/api.w.org\/{rel}","templated":true}]}}